{"id":11,"date":"2020-02-27T18:48:26","date_gmt":"2020-02-27T17:48:26","guid":{"rendered":"http:\/\/localhost\/gis\/?page_id=11"},"modified":"2024-04-15T19:59:56","modified_gmt":"2024-04-15T17:59:56","slug":"reparations","status":"publish","type":"page","link":"https:\/\/greg-informatique.fr\/gis\/reparations\/","title":{"rendered":"R\u00e9parations"},"content":{"rendered":"<p><img loading=\"lazy\" decoding=\"async\" class=\"alignnone wp-image-26 size-full\" src=\"http:\/\/greg-informatique.fr\/gis\/wp-content\/uploads\/2020\/02\/Alien-e1582827048905.jpg\" alt=\"R\u00e9parations informatiques logiciels et materiel\" width=\"1900\" height=\"325\" \/><\/p>\n<h2 style=\"color: white;\"><span style=\"font-size: xx-small;\">quincampoix buchy cailly isneauville pr\u00e9aux reparation ordinateur pc configuration<\/span><\/h2>\n<p>J&rsquo;effectue toutes r\u00e9parations sur vos produits informatiques :<\/p>\n<ul>\n<li>la r\u00e9paration de logiciels,<\/li>\n<li>l&rsquo;\u00e9change de toutes pi\u00e8ces sur ordinateur de bureau,<\/li>\n<li>le remplacement de vitre, \u00e9cran, batterie&#8230; sur tablette, smart-phone,<\/li>\n<li>le remplacement sur ordinateur portable de disque dur, \u00e9cran, clavier, connecteur d&rsquo;alimentation&#8230;<\/li>\n<\/ul>\n<p>Un diagnostic est effectu\u00e9 sur place avant l&rsquo;enl\u00e8vement. Puis un devis est \u00e9tabli avant toutes interventions et ce dans les meilleurs d\u00e9lais.<\/p>\n<p>&nbsp;<\/p>\n","protected":false},"excerpt":{"rendered":"<p>quincampoix buchy cailly isneauville pr\u00e9aux reparation ordinateur pc configuration J&rsquo;effectue toutes r\u00e9parations sur vos produits informatiques : la r\u00e9paration de logiciels, l&rsquo;\u00e9change de toutes pi\u00e8ces sur ordinateur de bureau, le remplacement de vitre, \u00e9cran, batterie&#8230; sur tablette, smart-phone, le remplacement sur ordinateur portable de disque dur, \u00e9cran, clavier, connecteur d&rsquo;alimentation&#8230;&#8230; <a class=\"continue-reading-link\" href=\"https:\/\/greg-informatique.fr\/gis\/reparations\/\"> Continue reading <span class=\"meta-nav\">&rarr; <\/span><\/a><\/p>\n","protected":false},"author":1,"featured_media":0,"parent":0,"menu_order":0,"comment_status":"closed","ping_status":"closed","template":"","meta":{"footnotes":""},"class_list":["post-11","page","type-page","status-publish","hentry"],"yoast_head":"<!-- This site is optimized with the Yoast SEO plugin v26.9 - https:\/\/yoast.com\/product\/yoast-seo-wordpress\/ -->\n<title>R\u00e9parations - greg informatique<\/title>\n<meta name=\"description\" content=\"r\u00e9parations informatiques sur ordinateur de bureau, ordinateur portable, smart-phone, tablette. R\u00e9parations logicielles et mat\u00e8rielles\" \/>\n<meta name=\"robots\" content=\"index, follow, max-snippet:-1, max-image-preview:large, max-video-preview:-1\" \/>\n<link rel=\"canonical\" href=\"https:\/\/greg-informatique.fr\/gis\/reparations\/\" \/>\n<meta property=\"og:locale\" content=\"fr_FR\" \/>\n<meta property=\"og:type\" content=\"article\" \/>\n<meta property=\"og:title\" content=\"R\u00e9parations - greg informatique\" \/>\n<meta property=\"og:description\" content=\"r\u00e9parations informatiques sur ordinateur de bureau, ordinateur portable, smart-phone, tablette. R\u00e9parations logicielles et mat\u00e8rielles\" \/>\n<meta property=\"og:url\" content=\"https:\/\/greg-informatique.fr\/gis\/reparations\/\" \/>\n<meta property=\"og:site_name\" content=\"greg informatique\" \/>\n<meta property=\"article:modified_time\" content=\"2024-04-15T17:59:56+00:00\" \/>\n<meta property=\"og:image\" content=\"http:\/\/greg-informatique.fr\/gis\/wp-content\/uploads\/2020\/02\/Alien-e1582827048905.jpg\" \/>\n<meta name=\"twitter:card\" content=\"summary_large_image\" \/>\n<meta name=\"twitter:label1\" content=\"Dur\u00e9e de lecture estim\u00e9e\" \/>\n\t<meta name=\"twitter:data1\" content=\"1 minute\" \/>\n<script type=\"application\/ld+json\" class=\"yoast-schema-graph\">{\"@context\":\"https:\/\/schema.org\",\"@graph\":[{\"@type\":\"WebPage\",\"@id\":\"https:\/\/greg-informatique.fr\/gis\/reparations\/\",\"url\":\"https:\/\/greg-informatique.fr\/gis\/reparations\/\",\"name\":\"R\u00e9parations - greg informatique\",\"isPartOf\":{\"@id\":\"https:\/\/greg-informatique.fr\/gis\/#website\"},\"primaryImageOfPage\":{\"@id\":\"https:\/\/greg-informatique.fr\/gis\/reparations\/#primaryimage\"},\"image\":{\"@id\":\"https:\/\/greg-informatique.fr\/gis\/reparations\/#primaryimage\"},\"thumbnailUrl\":\"http:\/\/greg-informatique.fr\/gis\/wp-content\/uploads\/2020\/02\/Alien-e1582827048905.jpg\",\"datePublished\":\"2020-02-27T17:48:26+00:00\",\"dateModified\":\"2024-04-15T17:59:56+00:00\",\"description\":\"r\u00e9parations informatiques sur ordinateur de bureau, ordinateur portable, smart-phone, tablette. R\u00e9parations logicielles et mat\u00e8rielles\",\"breadcrumb\":{\"@id\":\"https:\/\/greg-informatique.fr\/gis\/reparations\/#breadcrumb\"},\"inLanguage\":\"fr-FR\",\"potentialAction\":[{\"@type\":\"ReadAction\",\"target\":[\"https:\/\/greg-informatique.fr\/gis\/reparations\/\"]}]},{\"@type\":\"ImageObject\",\"inLanguage\":\"fr-FR\",\"@id\":\"https:\/\/greg-informatique.fr\/gis\/reparations\/#primaryimage\",\"url\":\"https:\/\/greg-informatique.fr\/gis\/wp-content\/uploads\/2020\/02\/Alien-e1582827048905.jpg\",\"contentUrl\":\"https:\/\/greg-informatique.fr\/gis\/wp-content\/uploads\/2020\/02\/Alien-e1582827048905.jpg\",\"width\":1900,\"height\":325,\"caption\":\"R\u00e9parations informatiques logiciels et materiel\"},{\"@type\":\"BreadcrumbList\",\"@id\":\"https:\/\/greg-informatique.fr\/gis\/reparations\/#breadcrumb\",\"itemListElement\":[{\"@type\":\"ListItem\",\"position\":1,\"name\":\"Accueil\",\"item\":\"https:\/\/greg-informatique.fr\/gis\/\"},{\"@type\":\"ListItem\",\"position\":2,\"name\":\"R\u00e9parations\"}]},{\"@type\":\"WebSite\",\"@id\":\"https:\/\/greg-informatique.fr\/gis\/#website\",\"url\":\"https:\/\/greg-informatique.fr\/gis\/\",\"name\":\"Greg Informatique\",\"description\":\"La Solution Informatique\",\"publisher\":{\"@id\":\"https:\/\/greg-informatique.fr\/gis\/#organization\"},\"potentialAction\":[{\"@type\":\"SearchAction\",\"target\":{\"@type\":\"EntryPoint\",\"urlTemplate\":\"https:\/\/greg-informatique.fr\/gis\/?s={search_term_string}\"},\"query-input\":{\"@type\":\"PropertyValueSpecification\",\"valueRequired\":true,\"valueName\":\"search_term_string\"}}],\"inLanguage\":\"fr-FR\"},{\"@type\":\"Organization\",\"@id\":\"https:\/\/greg-informatique.fr\/gis\/#organization\",\"name\":\"Greg Informatique\",\"url\":\"https:\/\/greg-informatique.fr\/gis\/\",\"logo\":{\"@type\":\"ImageObject\",\"inLanguage\":\"fr-FR\",\"@id\":\"https:\/\/greg-informatique.fr\/gis\/#\/schema\/logo\/image\/\",\"url\":\"http:\/\/192.168.0.100\/gis\/wp-content\/uploads\/2020\/02\/logo_carre.png\",\"contentUrl\":\"http:\/\/192.168.0.100\/gis\/wp-content\/uploads\/2020\/02\/logo_carre.png\",\"width\":608,\"height\":608,\"caption\":\"Greg Informatique\"},\"image\":{\"@id\":\"https:\/\/greg-informatique.fr\/gis\/#\/schema\/logo\/image\/\"}}]}<\/script>\n<!-- \/ Yoast SEO plugin. -->","yoast_head_json":{"title":"R\u00e9parations - greg informatique","description":"r\u00e9parations informatiques sur ordinateur de bureau, ordinateur portable, smart-phone, tablette. R\u00e9parations logicielles et mat\u00e8rielles","robots":{"index":"index","follow":"follow","max-snippet":"max-snippet:-1","max-image-preview":"max-image-preview:large","max-video-preview":"max-video-preview:-1"},"canonical":"https:\/\/greg-informatique.fr\/gis\/reparations\/","og_locale":"fr_FR","og_type":"article","og_title":"R\u00e9parations - greg informatique","og_description":"r\u00e9parations informatiques sur ordinateur de bureau, ordinateur portable, smart-phone, tablette. R\u00e9parations logicielles et mat\u00e8rielles","og_url":"https:\/\/greg-informatique.fr\/gis\/reparations\/","og_site_name":"greg informatique","article_modified_time":"2024-04-15T17:59:56+00:00","og_image":[{"url":"http:\/\/greg-informatique.fr\/gis\/wp-content\/uploads\/2020\/02\/Alien-e1582827048905.jpg","type":"","width":"","height":""}],"twitter_card":"summary_large_image","twitter_misc":{"Dur\u00e9e de lecture estim\u00e9e":"1 minute"},"schema":{"@context":"https:\/\/schema.org","@graph":[{"@type":"WebPage","@id":"https:\/\/greg-informatique.fr\/gis\/reparations\/","url":"https:\/\/greg-informatique.fr\/gis\/reparations\/","name":"R\u00e9parations - greg informatique","isPartOf":{"@id":"https:\/\/greg-informatique.fr\/gis\/#website"},"primaryImageOfPage":{"@id":"https:\/\/greg-informatique.fr\/gis\/reparations\/#primaryimage"},"image":{"@id":"https:\/\/greg-informatique.fr\/gis\/reparations\/#primaryimage"},"thumbnailUrl":"http:\/\/greg-informatique.fr\/gis\/wp-content\/uploads\/2020\/02\/Alien-e1582827048905.jpg","datePublished":"2020-02-27T17:48:26+00:00","dateModified":"2024-04-15T17:59:56+00:00","description":"r\u00e9parations informatiques sur ordinateur de bureau, ordinateur portable, smart-phone, tablette. R\u00e9parations logicielles et mat\u00e8rielles","breadcrumb":{"@id":"https:\/\/greg-informatique.fr\/gis\/reparations\/#breadcrumb"},"inLanguage":"fr-FR","potentialAction":[{"@type":"ReadAction","target":["https:\/\/greg-informatique.fr\/gis\/reparations\/"]}]},{"@type":"ImageObject","inLanguage":"fr-FR","@id":"https:\/\/greg-informatique.fr\/gis\/reparations\/#primaryimage","url":"https:\/\/greg-informatique.fr\/gis\/wp-content\/uploads\/2020\/02\/Alien-e1582827048905.jpg","contentUrl":"https:\/\/greg-informatique.fr\/gis\/wp-content\/uploads\/2020\/02\/Alien-e1582827048905.jpg","width":1900,"height":325,"caption":"R\u00e9parations informatiques logiciels et materiel"},{"@type":"BreadcrumbList","@id":"https:\/\/greg-informatique.fr\/gis\/reparations\/#breadcrumb","itemListElement":[{"@type":"ListItem","position":1,"name":"Accueil","item":"https:\/\/greg-informatique.fr\/gis\/"},{"@type":"ListItem","position":2,"name":"R\u00e9parations"}]},{"@type":"WebSite","@id":"https:\/\/greg-informatique.fr\/gis\/#website","url":"https:\/\/greg-informatique.fr\/gis\/","name":"Greg Informatique","description":"La Solution Informatique","publisher":{"@id":"https:\/\/greg-informatique.fr\/gis\/#organization"},"potentialAction":[{"@type":"SearchAction","target":{"@type":"EntryPoint","urlTemplate":"https:\/\/greg-informatique.fr\/gis\/?s={search_term_string}"},"query-input":{"@type":"PropertyValueSpecification","valueRequired":true,"valueName":"search_term_string"}}],"inLanguage":"fr-FR"},{"@type":"Organization","@id":"https:\/\/greg-informatique.fr\/gis\/#organization","name":"Greg Informatique","url":"https:\/\/greg-informatique.fr\/gis\/","logo":{"@type":"ImageObject","inLanguage":"fr-FR","@id":"https:\/\/greg-informatique.fr\/gis\/#\/schema\/logo\/image\/","url":"http:\/\/192.168.0.100\/gis\/wp-content\/uploads\/2020\/02\/logo_carre.png","contentUrl":"http:\/\/192.168.0.100\/gis\/wp-content\/uploads\/2020\/02\/logo_carre.png","width":608,"height":608,"caption":"Greg Informatique"},"image":{"@id":"https:\/\/greg-informatique.fr\/gis\/#\/schema\/logo\/image\/"}}]}},"_links":{"self":[{"href":"https:\/\/greg-informatique.fr\/gis\/wp-json\/wp\/v2\/pages\/11","targetHints":{"allow":["GET"]}}],"collection":[{"href":"https:\/\/greg-informatique.fr\/gis\/wp-json\/wp\/v2\/pages"}],"about":[{"href":"https:\/\/greg-informatique.fr\/gis\/wp-json\/wp\/v2\/types\/page"}],"author":[{"embeddable":true,"href":"https:\/\/greg-informatique.fr\/gis\/wp-json\/wp\/v2\/users\/1"}],"replies":[{"embeddable":true,"href":"https:\/\/greg-informatique.fr\/gis\/wp-json\/wp\/v2\/comments?post=11"}],"version-history":[{"count":13,"href":"https:\/\/greg-informatique.fr\/gis\/wp-json\/wp\/v2\/pages\/11\/revisions"}],"predecessor-version":[{"id":156,"href":"https:\/\/greg-informatique.fr\/gis\/wp-json\/wp\/v2\/pages\/11\/revisions\/156"}],"wp:attachment":[{"href":"https:\/\/greg-informatique.fr\/gis\/wp-json\/wp\/v2\/media?parent=11"}],"curies":[{"name":"wp","href":"https:\/\/api.w.org\/{rel}","templated":true}]}}