{"id":13,"date":"2020-02-27T18:49:23","date_gmt":"2020-02-27T17:49:23","guid":{"rendered":"http:\/\/localhost\/gis\/?page_id=13"},"modified":"2024-11-16T01:57:31","modified_gmt":"2024-11-16T00:57:31","slug":"restauration-complete-du-systeme-dexploitation","status":"publish","type":"page","link":"https:\/\/greg-informatique.fr\/gis\/restauration-complete-du-systeme-dexploitation\/","title":{"rendered":"Restauration Compl\u00e8te du Syst\u00e8me d&rsquo;exploitation"},"content":{"rendered":"<p><img loading=\"lazy\" decoding=\"async\" class=\"alignnone wp-image-31 size-full\" src=\"http:\/\/greg-informatique.fr\/gis\/wp-content\/uploads\/2020\/02\/restauration-e1582827129609.jpg\" alt=\"Restauration windows linux mac os\" width=\"4288\" height=\"836\" \/><\/p>\n<h2 style=\"color: white;\"><span style=\"font-size: xx-small;\">quincampoix buchy cailly isneauville pr\u00e9aux restauration virus plantage connexion d\u00e9marrage r\u00e9paration reparation ordinateur pc configuration<\/span><\/h2>\n<p>En cas de probl\u00e8me de dysfonctionnements, de ralentissements importants ou virus trop nombreux, j&rsquo;effectue :<\/p>\n<p>&nbsp;<\/p>\n<ul>\n<li>une r\u00e9installation compl\u00e8te de <a href=\"https:\/\/www.microsoft.com\/fr-fr\/windows\/\" target=\"_blank\" rel=\"noopener\">Windows<\/a>\/ <a href=\"https:\/\/www.apple.com\/fr\/macos\/\" target=\"_blank\" rel=\"noopener\">Mac Os<\/a> \/ <a href=\"https:\/\/linuxmint.com\/\" target=\"_blank\" rel=\"noopener\">Linux<\/a> et une mise \u00e0 jour avec un retour dans les meilleurs d\u00e9lais.<\/li>\n<li>une configuration pour la navigation s\u00e9curis\u00e9e sur internet : bloqueur de publicit\u00e9, de scripts malveillants, et une installation antivirus (gratuit) sont effectu\u00e9s.<\/li>\n<li>la configuration de votre bo\u00eete mail peut \u00eatre faite \u00e0 votre demande au retour de l&rsquo;appareil.<\/li>\n<\/ul>\n<p>Cette prestation n\u00e9cessite un enl\u00e8vement de l\u2019appareil pendant 1 ou 2 jours selon la machine. La facturation est de <strong>79 \u20ac<\/strong>.<\/p>\n<p>Une <a href=\"http:\/\/greg-informatique.fr\/gis\/sauvegarde-de-donnees\/\">sauvegarde<\/a> de donn\u00e9es doit \u00eatre effectu\u00e9e.<\/p>\n<p>&nbsp;<\/p>\n","protected":false},"excerpt":{"rendered":"<p>quincampoix buchy cailly isneauville pr\u00e9aux restauration virus plantage connexion d\u00e9marrage r\u00e9paration reparation ordinateur pc configuration En cas de probl\u00e8me de dysfonctionnements, de ralentissements importants ou virus trop nombreux, j&rsquo;effectue : &nbsp; une r\u00e9installation compl\u00e8te de Windows\/ Mac Os \/ Linux et une mise \u00e0 jour avec un retour dans les&#8230; <a class=\"continue-reading-link\" href=\"https:\/\/greg-informatique.fr\/gis\/restauration-complete-du-systeme-dexploitation\/\"> Continue reading <span class=\"meta-nav\">&rarr; <\/span><\/a><\/p>\n","protected":false},"author":1,"featured_media":0,"parent":0,"menu_order":0,"comment_status":"closed","ping_status":"closed","template":"","meta":{"footnotes":""},"class_list":["post-13","page","type-page","status-publish","hentry"],"yoast_head":"<!-- This site is optimized with the Yoast SEO plugin v26.9 - https:\/\/yoast.com\/product\/yoast-seo-wordpress\/ -->\n<title>Restauration Compl\u00e8te du Syst\u00e8me d&#039;exploitation - greg informatique<\/title>\n<meta name=\"description\" content=\"Restauration compl\u00e8te du Syst\u00e8me d&#039;exploitation Windows, Mac Os, Linux en cas de disfonctionnements, configuration de boite mail.\" \/>\n<meta name=\"robots\" content=\"index, follow, max-snippet:-1, max-image-preview:large, max-video-preview:-1\" \/>\n<link rel=\"canonical\" href=\"https:\/\/greg-informatique.fr\/gis\/restauration-complete-du-systeme-dexploitation\/\" \/>\n<meta property=\"og:locale\" content=\"fr_FR\" \/>\n<meta property=\"og:type\" content=\"article\" \/>\n<meta property=\"og:title\" content=\"Restauration Compl\u00e8te du Syst\u00e8me d&#039;exploitation - greg informatique\" \/>\n<meta property=\"og:description\" content=\"Restauration compl\u00e8te du Syst\u00e8me d&#039;exploitation Windows, Mac Os, Linux en cas de disfonctionnements, configuration de boite mail.\" \/>\n<meta property=\"og:url\" content=\"https:\/\/greg-informatique.fr\/gis\/restauration-complete-du-systeme-dexploitation\/\" \/>\n<meta property=\"og:site_name\" content=\"greg informatique\" \/>\n<meta property=\"article:modified_time\" content=\"2024-11-16T00:57:31+00:00\" \/>\n<meta property=\"og:image\" content=\"https:\/\/greg-informatique.fr\/gis\/wp-content\/uploads\/2020\/02\/restauration-e1582827129609.jpg\" \/>\n\t<meta property=\"og:image:width\" content=\"4288\" \/>\n\t<meta property=\"og:image:height\" content=\"836\" \/>\n\t<meta property=\"og:image:type\" content=\"image\/jpeg\" \/>\n<meta name=\"twitter:card\" content=\"summary_large_image\" \/>\n<meta name=\"twitter:label1\" content=\"Dur\u00e9e de lecture estim\u00e9e\" \/>\n\t<meta name=\"twitter:data1\" content=\"1 minute\" \/>\n<script type=\"application\/ld+json\" class=\"yoast-schema-graph\">{\"@context\":\"https:\/\/schema.org\",\"@graph\":[{\"@type\":\"WebPage\",\"@id\":\"https:\/\/greg-informatique.fr\/gis\/restauration-complete-du-systeme-dexploitation\/\",\"url\":\"https:\/\/greg-informatique.fr\/gis\/restauration-complete-du-systeme-dexploitation\/\",\"name\":\"Restauration Compl\u00e8te du Syst\u00e8me d'exploitation - greg informatique\",\"isPartOf\":{\"@id\":\"https:\/\/greg-informatique.fr\/gis\/#website\"},\"primaryImageOfPage\":{\"@id\":\"https:\/\/greg-informatique.fr\/gis\/restauration-complete-du-systeme-dexploitation\/#primaryimage\"},\"image\":{\"@id\":\"https:\/\/greg-informatique.fr\/gis\/restauration-complete-du-systeme-dexploitation\/#primaryimage\"},\"thumbnailUrl\":\"http:\/\/greg-informatique.fr\/gis\/wp-content\/uploads\/2020\/02\/restauration-e1582827129609.jpg\",\"datePublished\":\"2020-02-27T17:49:23+00:00\",\"dateModified\":\"2024-11-16T00:57:31+00:00\",\"description\":\"Restauration compl\u00e8te du Syst\u00e8me d'exploitation Windows, Mac Os, Linux en cas de disfonctionnements, configuration de boite mail.\",\"breadcrumb\":{\"@id\":\"https:\/\/greg-informatique.fr\/gis\/restauration-complete-du-systeme-dexploitation\/#breadcrumb\"},\"inLanguage\":\"fr-FR\",\"potentialAction\":[{\"@type\":\"ReadAction\",\"target\":[\"https:\/\/greg-informatique.fr\/gis\/restauration-complete-du-systeme-dexploitation\/\"]}]},{\"@type\":\"ImageObject\",\"inLanguage\":\"fr-FR\",\"@id\":\"https:\/\/greg-informatique.fr\/gis\/restauration-complete-du-systeme-dexploitation\/#primaryimage\",\"url\":\"https:\/\/greg-informatique.fr\/gis\/wp-content\/uploads\/2020\/02\/restauration-e1582827129609.jpg\",\"contentUrl\":\"https:\/\/greg-informatique.fr\/gis\/wp-content\/uploads\/2020\/02\/restauration-e1582827129609.jpg\",\"width\":4288,\"height\":836,\"caption\":\"Restauration windows linux mac os\"},{\"@type\":\"BreadcrumbList\",\"@id\":\"https:\/\/greg-informatique.fr\/gis\/restauration-complete-du-systeme-dexploitation\/#breadcrumb\",\"itemListElement\":[{\"@type\":\"ListItem\",\"position\":1,\"name\":\"Accueil\",\"item\":\"https:\/\/greg-informatique.fr\/gis\/\"},{\"@type\":\"ListItem\",\"position\":2,\"name\":\"Restauration Compl\u00e8te du Syst\u00e8me d&rsquo;exploitation\"}]},{\"@type\":\"WebSite\",\"@id\":\"https:\/\/greg-informatique.fr\/gis\/#website\",\"url\":\"https:\/\/greg-informatique.fr\/gis\/\",\"name\":\"Greg Informatique\",\"description\":\"La Solution Informatique\",\"publisher\":{\"@id\":\"https:\/\/greg-informatique.fr\/gis\/#organization\"},\"potentialAction\":[{\"@type\":\"SearchAction\",\"target\":{\"@type\":\"EntryPoint\",\"urlTemplate\":\"https:\/\/greg-informatique.fr\/gis\/?s={search_term_string}\"},\"query-input\":{\"@type\":\"PropertyValueSpecification\",\"valueRequired\":true,\"valueName\":\"search_term_string\"}}],\"inLanguage\":\"fr-FR\"},{\"@type\":\"Organization\",\"@id\":\"https:\/\/greg-informatique.fr\/gis\/#organization\",\"name\":\"Greg Informatique\",\"url\":\"https:\/\/greg-informatique.fr\/gis\/\",\"logo\":{\"@type\":\"ImageObject\",\"inLanguage\":\"fr-FR\",\"@id\":\"https:\/\/greg-informatique.fr\/gis\/#\/schema\/logo\/image\/\",\"url\":\"http:\/\/192.168.0.100\/gis\/wp-content\/uploads\/2020\/02\/logo_carre.png\",\"contentUrl\":\"http:\/\/192.168.0.100\/gis\/wp-content\/uploads\/2020\/02\/logo_carre.png\",\"width\":608,\"height\":608,\"caption\":\"Greg Informatique\"},\"image\":{\"@id\":\"https:\/\/greg-informatique.fr\/gis\/#\/schema\/logo\/image\/\"}}]}<\/script>\n<!-- \/ Yoast SEO plugin. -->","yoast_head_json":{"title":"Restauration Compl\u00e8te du Syst\u00e8me d'exploitation - greg informatique","description":"Restauration compl\u00e8te du Syst\u00e8me d'exploitation Windows, Mac Os, Linux en cas de disfonctionnements, configuration de boite mail.","robots":{"index":"index","follow":"follow","max-snippet":"max-snippet:-1","max-image-preview":"max-image-preview:large","max-video-preview":"max-video-preview:-1"},"canonical":"https:\/\/greg-informatique.fr\/gis\/restauration-complete-du-systeme-dexploitation\/","og_locale":"fr_FR","og_type":"article","og_title":"Restauration Compl\u00e8te du Syst\u00e8me d'exploitation - greg informatique","og_description":"Restauration compl\u00e8te du Syst\u00e8me d'exploitation Windows, Mac Os, Linux en cas de disfonctionnements, configuration de boite mail.","og_url":"https:\/\/greg-informatique.fr\/gis\/restauration-complete-du-systeme-dexploitation\/","og_site_name":"greg informatique","article_modified_time":"2024-11-16T00:57:31+00:00","og_image":[{"width":4288,"height":836,"url":"https:\/\/greg-informatique.fr\/gis\/wp-content\/uploads\/2020\/02\/restauration-e1582827129609.jpg","type":"image\/jpeg"}],"twitter_card":"summary_large_image","twitter_misc":{"Dur\u00e9e de lecture estim\u00e9e":"1 minute"},"schema":{"@context":"https:\/\/schema.org","@graph":[{"@type":"WebPage","@id":"https:\/\/greg-informatique.fr\/gis\/restauration-complete-du-systeme-dexploitation\/","url":"https:\/\/greg-informatique.fr\/gis\/restauration-complete-du-systeme-dexploitation\/","name":"Restauration Compl\u00e8te du Syst\u00e8me d'exploitation - greg informatique","isPartOf":{"@id":"https:\/\/greg-informatique.fr\/gis\/#website"},"primaryImageOfPage":{"@id":"https:\/\/greg-informatique.fr\/gis\/restauration-complete-du-systeme-dexploitation\/#primaryimage"},"image":{"@id":"https:\/\/greg-informatique.fr\/gis\/restauration-complete-du-systeme-dexploitation\/#primaryimage"},"thumbnailUrl":"http:\/\/greg-informatique.fr\/gis\/wp-content\/uploads\/2020\/02\/restauration-e1582827129609.jpg","datePublished":"2020-02-27T17:49:23+00:00","dateModified":"2024-11-16T00:57:31+00:00","description":"Restauration compl\u00e8te du Syst\u00e8me d'exploitation Windows, Mac Os, Linux en cas de disfonctionnements, configuration de boite mail.","breadcrumb":{"@id":"https:\/\/greg-informatique.fr\/gis\/restauration-complete-du-systeme-dexploitation\/#breadcrumb"},"inLanguage":"fr-FR","potentialAction":[{"@type":"ReadAction","target":["https:\/\/greg-informatique.fr\/gis\/restauration-complete-du-systeme-dexploitation\/"]}]},{"@type":"ImageObject","inLanguage":"fr-FR","@id":"https:\/\/greg-informatique.fr\/gis\/restauration-complete-du-systeme-dexploitation\/#primaryimage","url":"https:\/\/greg-informatique.fr\/gis\/wp-content\/uploads\/2020\/02\/restauration-e1582827129609.jpg","contentUrl":"https:\/\/greg-informatique.fr\/gis\/wp-content\/uploads\/2020\/02\/restauration-e1582827129609.jpg","width":4288,"height":836,"caption":"Restauration windows linux mac os"},{"@type":"BreadcrumbList","@id":"https:\/\/greg-informatique.fr\/gis\/restauration-complete-du-systeme-dexploitation\/#breadcrumb","itemListElement":[{"@type":"ListItem","position":1,"name":"Accueil","item":"https:\/\/greg-informatique.fr\/gis\/"},{"@type":"ListItem","position":2,"name":"Restauration Compl\u00e8te du Syst\u00e8me d&rsquo;exploitation"}]},{"@type":"WebSite","@id":"https:\/\/greg-informatique.fr\/gis\/#website","url":"https:\/\/greg-informatique.fr\/gis\/","name":"Greg Informatique","description":"La Solution Informatique","publisher":{"@id":"https:\/\/greg-informatique.fr\/gis\/#organization"},"potentialAction":[{"@type":"SearchAction","target":{"@type":"EntryPoint","urlTemplate":"https:\/\/greg-informatique.fr\/gis\/?s={search_term_string}"},"query-input":{"@type":"PropertyValueSpecification","valueRequired":true,"valueName":"search_term_string"}}],"inLanguage":"fr-FR"},{"@type":"Organization","@id":"https:\/\/greg-informatique.fr\/gis\/#organization","name":"Greg Informatique","url":"https:\/\/greg-informatique.fr\/gis\/","logo":{"@type":"ImageObject","inLanguage":"fr-FR","@id":"https:\/\/greg-informatique.fr\/gis\/#\/schema\/logo\/image\/","url":"http:\/\/192.168.0.100\/gis\/wp-content\/uploads\/2020\/02\/logo_carre.png","contentUrl":"http:\/\/192.168.0.100\/gis\/wp-content\/uploads\/2020\/02\/logo_carre.png","width":608,"height":608,"caption":"Greg Informatique"},"image":{"@id":"https:\/\/greg-informatique.fr\/gis\/#\/schema\/logo\/image\/"}}]}},"_links":{"self":[{"href":"https:\/\/greg-informatique.fr\/gis\/wp-json\/wp\/v2\/pages\/13","targetHints":{"allow":["GET"]}}],"collection":[{"href":"https:\/\/greg-informatique.fr\/gis\/wp-json\/wp\/v2\/pages"}],"about":[{"href":"https:\/\/greg-informatique.fr\/gis\/wp-json\/wp\/v2\/types\/page"}],"author":[{"embeddable":true,"href":"https:\/\/greg-informatique.fr\/gis\/wp-json\/wp\/v2\/users\/1"}],"replies":[{"embeddable":true,"href":"https:\/\/greg-informatique.fr\/gis\/wp-json\/wp\/v2\/comments?post=13"}],"version-history":[{"count":17,"href":"https:\/\/greg-informatique.fr\/gis\/wp-json\/wp\/v2\/pages\/13\/revisions"}],"predecessor-version":[{"id":167,"href":"https:\/\/greg-informatique.fr\/gis\/wp-json\/wp\/v2\/pages\/13\/revisions\/167"}],"wp:attachment":[{"href":"https:\/\/greg-informatique.fr\/gis\/wp-json\/wp\/v2\/media?parent=13"}],"curies":[{"name":"wp","href":"https:\/\/api.w.org\/{rel}","templated":true}]}}