{"id":15,"date":"2020-02-27T18:50:24","date_gmt":"2020-02-27T17:50:24","guid":{"rendered":"http:\/\/localhost\/gis\/?page_id=15"},"modified":"2024-11-16T01:57:55","modified_gmt":"2024-11-16T00:57:55","slug":"sauvegarde-de-donnees","status":"publish","type":"page","link":"https:\/\/greg-informatique.fr\/gis\/sauvegarde-de-donnees\/","title":{"rendered":"Sauvegarde de donn\u00e9es"},"content":{"rendered":"<p><img loading=\"lazy\" decoding=\"async\" class=\"alignnone wp-image-32 size-full\" src=\"http:\/\/greg-informatique.fr\/gis\/wp-content\/uploads\/2020\/02\/sauvegarde.cut_.jpg\" alt=\"sauvegarde r\u00e9cup\u00e9ration de donn\u00e9es\" width=\"5184\" height=\"637\" \/><\/p>\n<h2 style=\"color: white;\"><span style=\"font-size: xx-small;\">quincampoix buchy cailly isneauville pr\u00e9aux reparation ordinateur pc configuration<\/span><\/h2>\n<p>Apr\u00e8s le test du support de stockage (disque dur interne\/externe, cl\u00e9 USB, etc\u2026), la r\u00e9cup\u00e9ration de donn\u00e9es peut \u00eatre faite imm\u00e9diatement ; ceci d\u00e9pend de la quantit\u00e9 de donn\u00e9es \u00e0 r\u00e9cup\u00e9rer et de l&rsquo;\u00e9tat de fonctionnement du support.<\/p>\n<p>L&rsquo;intervention, qu&rsquo;elle soit faite chez vous ou apr\u00e8s enl\u00e8vement, est factur\u00e9e <strong>79 \u20ac<\/strong>.<\/p>\n<p>En cas de r\u00e9cup\u00e9ration infructueuse, d\u00fb au dysfonctionnement du disque, la facturation n&rsquo;est que de <strong>29 \u20ac<\/strong>.<\/p>\n","protected":false},"excerpt":{"rendered":"<p>quincampoix buchy cailly isneauville pr\u00e9aux reparation ordinateur pc configuration Apr\u00e8s le test du support de stockage (disque dur interne\/externe, cl\u00e9 USB, etc\u2026), la r\u00e9cup\u00e9ration de donn\u00e9es peut \u00eatre faite imm\u00e9diatement ; ceci d\u00e9pend de la quantit\u00e9 de donn\u00e9es \u00e0 r\u00e9cup\u00e9rer et de l&rsquo;\u00e9tat de fonctionnement du support. L&rsquo;intervention, qu&rsquo;elle soit&#8230; <a class=\"continue-reading-link\" href=\"https:\/\/greg-informatique.fr\/gis\/sauvegarde-de-donnees\/\"> Continue reading <span class=\"meta-nav\">&rarr; <\/span><\/a><\/p>\n","protected":false},"author":1,"featured_media":0,"parent":0,"menu_order":0,"comment_status":"closed","ping_status":"closed","template":"","meta":{"footnotes":""},"class_list":["post-15","page","type-page","status-publish","hentry"],"yoast_head":"<!-- This site is optimized with the Yoast SEO plugin v26.9 - https:\/\/yoast.com\/product\/yoast-seo-wordpress\/ -->\n<title>Sauvegarde de donn\u00e9es - greg informatique<\/title>\n<meta name=\"description\" content=\"Sauvegarde de donn\u00e9es. Quelque soit le support (cl\u00e9 USB, disque dur\u2026) une tentative de r\u00e9cup\u00e9ration de donn\u00e9es peut toujours \u00eatre effectu\u00e9e\" \/>\n<meta name=\"robots\" content=\"index, follow, max-snippet:-1, max-image-preview:large, max-video-preview:-1\" \/>\n<link rel=\"canonical\" href=\"https:\/\/greg-informatique.fr\/gis\/sauvegarde-de-donnees\/\" \/>\n<meta property=\"og:locale\" content=\"fr_FR\" \/>\n<meta property=\"og:type\" content=\"article\" \/>\n<meta property=\"og:title\" content=\"Sauvegarde de donn\u00e9es - greg informatique\" \/>\n<meta property=\"og:description\" content=\"Sauvegarde de donn\u00e9es. Quelque soit le support (cl\u00e9 USB, disque dur\u2026) une tentative de r\u00e9cup\u00e9ration de donn\u00e9es peut toujours \u00eatre effectu\u00e9e\" \/>\n<meta property=\"og:url\" content=\"https:\/\/greg-informatique.fr\/gis\/sauvegarde-de-donnees\/\" \/>\n<meta property=\"og:site_name\" content=\"greg informatique\" \/>\n<meta property=\"article:modified_time\" content=\"2024-11-16T00:57:55+00:00\" \/>\n<meta property=\"og:image\" content=\"https:\/\/greg-informatique.fr\/gis\/wp-content\/uploads\/2020\/02\/sauvegarde.cut_.jpg\" \/>\n\t<meta property=\"og:image:width\" content=\"5184\" \/>\n\t<meta property=\"og:image:height\" content=\"637\" \/>\n\t<meta property=\"og:image:type\" content=\"image\/jpeg\" \/>\n<meta name=\"twitter:card\" content=\"summary_large_image\" \/>\n<meta name=\"twitter:label1\" content=\"Dur\u00e9e de lecture estim\u00e9e\" \/>\n\t<meta name=\"twitter:data1\" content=\"1 minute\" \/>\n<script type=\"application\/ld+json\" class=\"yoast-schema-graph\">{\"@context\":\"https:\/\/schema.org\",\"@graph\":[{\"@type\":\"WebPage\",\"@id\":\"https:\/\/greg-informatique.fr\/gis\/sauvegarde-de-donnees\/\",\"url\":\"https:\/\/greg-informatique.fr\/gis\/sauvegarde-de-donnees\/\",\"name\":\"Sauvegarde de donn\u00e9es - greg informatique\",\"isPartOf\":{\"@id\":\"https:\/\/greg-informatique.fr\/gis\/#website\"},\"primaryImageOfPage\":{\"@id\":\"https:\/\/greg-informatique.fr\/gis\/sauvegarde-de-donnees\/#primaryimage\"},\"image\":{\"@id\":\"https:\/\/greg-informatique.fr\/gis\/sauvegarde-de-donnees\/#primaryimage\"},\"thumbnailUrl\":\"http:\/\/greg-informatique.fr\/gis\/wp-content\/uploads\/2020\/02\/sauvegarde.cut_.jpg\",\"datePublished\":\"2020-02-27T17:50:24+00:00\",\"dateModified\":\"2024-11-16T00:57:55+00:00\",\"description\":\"Sauvegarde de donn\u00e9es. Quelque soit le support (cl\u00e9 USB, disque dur\u2026) une tentative de r\u00e9cup\u00e9ration de donn\u00e9es peut toujours \u00eatre effectu\u00e9e\",\"breadcrumb\":{\"@id\":\"https:\/\/greg-informatique.fr\/gis\/sauvegarde-de-donnees\/#breadcrumb\"},\"inLanguage\":\"fr-FR\",\"potentialAction\":[{\"@type\":\"ReadAction\",\"target\":[\"https:\/\/greg-informatique.fr\/gis\/sauvegarde-de-donnees\/\"]}]},{\"@type\":\"ImageObject\",\"inLanguage\":\"fr-FR\",\"@id\":\"https:\/\/greg-informatique.fr\/gis\/sauvegarde-de-donnees\/#primaryimage\",\"url\":\"https:\/\/greg-informatique.fr\/gis\/wp-content\/uploads\/2020\/02\/sauvegarde.cut_.jpg\",\"contentUrl\":\"https:\/\/greg-informatique.fr\/gis\/wp-content\/uploads\/2020\/02\/sauvegarde.cut_.jpg\",\"width\":5184,\"height\":637,\"caption\":\"sauvegarde r\u00e9cup\u00e9ration de donn\u00e9es\"},{\"@type\":\"BreadcrumbList\",\"@id\":\"https:\/\/greg-informatique.fr\/gis\/sauvegarde-de-donnees\/#breadcrumb\",\"itemListElement\":[{\"@type\":\"ListItem\",\"position\":1,\"name\":\"Accueil\",\"item\":\"https:\/\/greg-informatique.fr\/gis\/\"},{\"@type\":\"ListItem\",\"position\":2,\"name\":\"Sauvegarde de donn\u00e9es\"}]},{\"@type\":\"WebSite\",\"@id\":\"https:\/\/greg-informatique.fr\/gis\/#website\",\"url\":\"https:\/\/greg-informatique.fr\/gis\/\",\"name\":\"Greg Informatique\",\"description\":\"La Solution Informatique\",\"publisher\":{\"@id\":\"https:\/\/greg-informatique.fr\/gis\/#organization\"},\"potentialAction\":[{\"@type\":\"SearchAction\",\"target\":{\"@type\":\"EntryPoint\",\"urlTemplate\":\"https:\/\/greg-informatique.fr\/gis\/?s={search_term_string}\"},\"query-input\":{\"@type\":\"PropertyValueSpecification\",\"valueRequired\":true,\"valueName\":\"search_term_string\"}}],\"inLanguage\":\"fr-FR\"},{\"@type\":\"Organization\",\"@id\":\"https:\/\/greg-informatique.fr\/gis\/#organization\",\"name\":\"Greg Informatique\",\"url\":\"https:\/\/greg-informatique.fr\/gis\/\",\"logo\":{\"@type\":\"ImageObject\",\"inLanguage\":\"fr-FR\",\"@id\":\"https:\/\/greg-informatique.fr\/gis\/#\/schema\/logo\/image\/\",\"url\":\"http:\/\/192.168.0.100\/gis\/wp-content\/uploads\/2020\/02\/logo_carre.png\",\"contentUrl\":\"http:\/\/192.168.0.100\/gis\/wp-content\/uploads\/2020\/02\/logo_carre.png\",\"width\":608,\"height\":608,\"caption\":\"Greg Informatique\"},\"image\":{\"@id\":\"https:\/\/greg-informatique.fr\/gis\/#\/schema\/logo\/image\/\"}}]}<\/script>\n<!-- \/ Yoast SEO plugin. -->","yoast_head_json":{"title":"Sauvegarde de donn\u00e9es - greg informatique","description":"Sauvegarde de donn\u00e9es. Quelque soit le support (cl\u00e9 USB, disque dur\u2026) une tentative de r\u00e9cup\u00e9ration de donn\u00e9es peut toujours \u00eatre effectu\u00e9e","robots":{"index":"index","follow":"follow","max-snippet":"max-snippet:-1","max-image-preview":"max-image-preview:large","max-video-preview":"max-video-preview:-1"},"canonical":"https:\/\/greg-informatique.fr\/gis\/sauvegarde-de-donnees\/","og_locale":"fr_FR","og_type":"article","og_title":"Sauvegarde de donn\u00e9es - greg informatique","og_description":"Sauvegarde de donn\u00e9es. Quelque soit le support (cl\u00e9 USB, disque dur\u2026) une tentative de r\u00e9cup\u00e9ration de donn\u00e9es peut toujours \u00eatre effectu\u00e9e","og_url":"https:\/\/greg-informatique.fr\/gis\/sauvegarde-de-donnees\/","og_site_name":"greg informatique","article_modified_time":"2024-11-16T00:57:55+00:00","og_image":[{"width":5184,"height":637,"url":"https:\/\/greg-informatique.fr\/gis\/wp-content\/uploads\/2020\/02\/sauvegarde.cut_.jpg","type":"image\/jpeg"}],"twitter_card":"summary_large_image","twitter_misc":{"Dur\u00e9e de lecture estim\u00e9e":"1 minute"},"schema":{"@context":"https:\/\/schema.org","@graph":[{"@type":"WebPage","@id":"https:\/\/greg-informatique.fr\/gis\/sauvegarde-de-donnees\/","url":"https:\/\/greg-informatique.fr\/gis\/sauvegarde-de-donnees\/","name":"Sauvegarde de donn\u00e9es - greg informatique","isPartOf":{"@id":"https:\/\/greg-informatique.fr\/gis\/#website"},"primaryImageOfPage":{"@id":"https:\/\/greg-informatique.fr\/gis\/sauvegarde-de-donnees\/#primaryimage"},"image":{"@id":"https:\/\/greg-informatique.fr\/gis\/sauvegarde-de-donnees\/#primaryimage"},"thumbnailUrl":"http:\/\/greg-informatique.fr\/gis\/wp-content\/uploads\/2020\/02\/sauvegarde.cut_.jpg","datePublished":"2020-02-27T17:50:24+00:00","dateModified":"2024-11-16T00:57:55+00:00","description":"Sauvegarde de donn\u00e9es. Quelque soit le support (cl\u00e9 USB, disque dur\u2026) une tentative de r\u00e9cup\u00e9ration de donn\u00e9es peut toujours \u00eatre effectu\u00e9e","breadcrumb":{"@id":"https:\/\/greg-informatique.fr\/gis\/sauvegarde-de-donnees\/#breadcrumb"},"inLanguage":"fr-FR","potentialAction":[{"@type":"ReadAction","target":["https:\/\/greg-informatique.fr\/gis\/sauvegarde-de-donnees\/"]}]},{"@type":"ImageObject","inLanguage":"fr-FR","@id":"https:\/\/greg-informatique.fr\/gis\/sauvegarde-de-donnees\/#primaryimage","url":"https:\/\/greg-informatique.fr\/gis\/wp-content\/uploads\/2020\/02\/sauvegarde.cut_.jpg","contentUrl":"https:\/\/greg-informatique.fr\/gis\/wp-content\/uploads\/2020\/02\/sauvegarde.cut_.jpg","width":5184,"height":637,"caption":"sauvegarde r\u00e9cup\u00e9ration de donn\u00e9es"},{"@type":"BreadcrumbList","@id":"https:\/\/greg-informatique.fr\/gis\/sauvegarde-de-donnees\/#breadcrumb","itemListElement":[{"@type":"ListItem","position":1,"name":"Accueil","item":"https:\/\/greg-informatique.fr\/gis\/"},{"@type":"ListItem","position":2,"name":"Sauvegarde de donn\u00e9es"}]},{"@type":"WebSite","@id":"https:\/\/greg-informatique.fr\/gis\/#website","url":"https:\/\/greg-informatique.fr\/gis\/","name":"Greg Informatique","description":"La Solution Informatique","publisher":{"@id":"https:\/\/greg-informatique.fr\/gis\/#organization"},"potentialAction":[{"@type":"SearchAction","target":{"@type":"EntryPoint","urlTemplate":"https:\/\/greg-informatique.fr\/gis\/?s={search_term_string}"},"query-input":{"@type":"PropertyValueSpecification","valueRequired":true,"valueName":"search_term_string"}}],"inLanguage":"fr-FR"},{"@type":"Organization","@id":"https:\/\/greg-informatique.fr\/gis\/#organization","name":"Greg Informatique","url":"https:\/\/greg-informatique.fr\/gis\/","logo":{"@type":"ImageObject","inLanguage":"fr-FR","@id":"https:\/\/greg-informatique.fr\/gis\/#\/schema\/logo\/image\/","url":"http:\/\/192.168.0.100\/gis\/wp-content\/uploads\/2020\/02\/logo_carre.png","contentUrl":"http:\/\/192.168.0.100\/gis\/wp-content\/uploads\/2020\/02\/logo_carre.png","width":608,"height":608,"caption":"Greg Informatique"},"image":{"@id":"https:\/\/greg-informatique.fr\/gis\/#\/schema\/logo\/image\/"}}]}},"_links":{"self":[{"href":"https:\/\/greg-informatique.fr\/gis\/wp-json\/wp\/v2\/pages\/15","targetHints":{"allow":["GET"]}}],"collection":[{"href":"https:\/\/greg-informatique.fr\/gis\/wp-json\/wp\/v2\/pages"}],"about":[{"href":"https:\/\/greg-informatique.fr\/gis\/wp-json\/wp\/v2\/types\/page"}],"author":[{"embeddable":true,"href":"https:\/\/greg-informatique.fr\/gis\/wp-json\/wp\/v2\/users\/1"}],"replies":[{"embeddable":true,"href":"https:\/\/greg-informatique.fr\/gis\/wp-json\/wp\/v2\/comments?post=15"}],"version-history":[{"count":8,"href":"https:\/\/greg-informatique.fr\/gis\/wp-json\/wp\/v2\/pages\/15\/revisions"}],"predecessor-version":[{"id":168,"href":"https:\/\/greg-informatique.fr\/gis\/wp-json\/wp\/v2\/pages\/15\/revisions\/168"}],"wp:attachment":[{"href":"https:\/\/greg-informatique.fr\/gis\/wp-json\/wp\/v2\/media?parent=15"}],"curies":[{"name":"wp","href":"https:\/\/api.w.org\/{rel}","templated":true}]}}